{"id":415,"date":"2024-12-10T12:14:02","date_gmt":"2024-12-10T12:14:02","guid":{"rendered":"https:\/\/usepayback.com\/?page_id=415"},"modified":"2025-01-14T02:38:44","modified_gmt":"2025-01-14T02:38:44","slug":"privacy-policy","status":"publish","type":"page","link":"https:\/\/usepayback.com\/cs\/privacy-policy\/","title":{"rendered":"Z\u00e1sady ochrany osobn\u00edch \u00fadaj\u016f"},"content":{"rendered":"<div data-elementor-type=\"wp-page\" data-elementor-id=\"415\" class=\"elementor elementor-415\" data-elementor-post-type=\"page\">\n\t\t\t\t<div class=\"elementor-element elementor-element-fe0f3b7 e-flex e-con-boxed e-con e-parent\" data-id=\"fe0f3b7\" data-element_type=\"container\">\n\t\t\t\t\t<div class=\"e-con-inner\">\n\t\t\t\t<div class=\"elementor-element elementor-element-f588c80 elementor-widget elementor-widget-heading\" data-id=\"f588c80\" data-element_type=\"widget\" data-widget_type=\"heading.default\">\n\t\t\t\t<div class=\"elementor-widget-container\">\n\t\t\t\t\t<h1 class=\"elementor-heading-title elementor-size-default\">Z\u00e1sady ochrany osobn\u00edch \u00fadaj\u016f spole\u010dnosti Tilemork AS<\/h1>\t\t\t\t<\/div>\n\t\t\t\t<\/div>\n\t\t\t\t<div class=\"elementor-element elementor-element-c28298a elementor-widget elementor-widget-heading\" data-id=\"c28298a\" data-element_type=\"widget\" data-widget_type=\"heading.default\">\n\t\t\t\t<div class=\"elementor-widget-container\">\n\t\t\t\t\t<span class=\"elementor-heading-title elementor-size-default\">Posledn\u00ed aktualizace: ledna 2025 <\/span>\t\t\t\t<\/div>\n\t\t\t\t<\/div>\n\t\t\t\t<div class=\"elementor-element elementor-element-4eaa9e5 elementor-widget elementor-widget-text-editor\" data-id=\"4eaa9e5\" data-element_type=\"widget\" data-widget_type=\"text-editor.default\">\n\t\t\t\t<div class=\"elementor-widget-container\">\n\t\t\t\t\t\t\t\t\t<p>Spole\u010dnost Tilemork AS respektuje va\u0161e soukrom\u00ed a zavazuje se chr\u00e1nit va\u0161e osobn\u00ed \u00fadaje. Tyto z\u00e1sady ochrany osobn\u00edch \u00fadaj\u016f vysv\u011btluj\u00ed, jak shroma\u017e\u010fujeme, pou\u017e\u00edv\u00e1me, ukl\u00e1d\u00e1me a chr\u00e1n\u00edme informace, kter\u00e9 shroma\u017e\u010fujeme prost\u0159ednictv\u00edm na\u0161ich webov\u00fdch str\u00e1nek, aplikac\u00ed a slu\u017eeb.<\/p><h3>1. Kdo jsme<\/h3><p>Tilemork AS je spole\u010dnost zalo\u017een\u00e1 za \u00fa\u010delem v\u00fdvoje technick\u00fdch a digit\u00e1ln\u00edch \u0159e\u0161en\u00ed. Se s\u00eddlem v Norsku a glob\u00e1ln\u00ed perspektivou navrhujeme aplika\u010dn\u00ed \u0159e\u0161en\u00ed, kter\u00e1 roz\u0161i\u0159uj\u00ed st\u00e1vaj\u00edc\u00ed nab\u00eddku. D\u016fv\u011brnost a diskr\u00e9tnost jsou z\u00e1kladn\u00edmi principy na\u0161eho p\u0159\u00edstupu, kter\u00e9 zaji\u0161\u0165uj\u00ed, \u017ee n\u00e1pady a koncepty jsou p\u0159ed dal\u0161\u00edm v\u00fdvojem d\u016fkladn\u011b prov\u011b\u0159eny. Integrujeme informace z r\u016fzn\u00fdch zdroj\u016f a zasazujeme je do \u0161ir\u0161\u00edho kontextu, abychom dos\u00e1hli co nejlep\u0161\u00edch v\u00fdsledk\u016f.<\/p><p>Zaji\u0161\u0165ujeme, aby va\u0161e \u00fadaje byly zpracov\u00e1v\u00e1ny v souladu s platn\u00fdmi z\u00e1kony o ochran\u011b osobn\u00edch \u00fadaj\u016f, v\u010detn\u011b GDPR (Obecn\u00e9 na\u0159\u00edzen\u00ed o ochran\u011b osobn\u00edch \u00fadaj\u016f).<\/p><p>Kontaktn\u00ed informace:<\/p><p>E-mail: <a href=\"mailto:post@tilemork.com\">post@tilemork.com<\/a><\/p><p>\u010c\u00edslo organizace: 933 854 965<\/p><h3>2. Jak\u00e9 informace shroma\u017e\u010fujeme?<\/h3><p>Informace, kter\u00e9 n\u00e1m poskytnete:<\/p><ul><li>Jm\u00e9no, e-mailov\u00e1 adresa, telefonn\u00ed \u010d\u00edslo a dal\u0161\u00ed \u00fadaje, kter\u00e9 n\u00e1m poskytnete p\u0159i vypl\u0148ov\u00e1n\u00ed formul\u00e1\u0159\u016f, registraci \u00fa\u010dtu nebo kontaktov\u00e1n\u00ed.<\/li><\/ul><p>\u00a0<\/p><p>Informace shrom\u00e1\u017ed\u011bn\u00e9 prost\u0159ednictv\u00edm aplikace:<\/p><ul><li>Informace pro u\u017eivatele: \u00dadaje, kter\u00e9 poskytnete p\u0159i registraci, v\u010detn\u011b u\u017eivatelsk\u00e9ho jm\u00e9na a p\u0159\u00edpadn\u00e9ho profilov\u00e9ho obr\u00e1zku.<\/li><li>\u010cinnost: Z\u00e1znamy transakc\u00ed, \u010dasov\u00fdch raz\u00edtek a dal\u0161\u00edch interakc\u00ed s datab\u00e1z\u00ed.<\/li><li>\u00dadaje o za\u0159\u00edzen\u00ed: \u00dadaje o za\u0159\u00edzen\u00ed, kter\u00e9 pou\u017e\u00edv\u00e1te, v\u010detn\u011b typu za\u0159\u00edzen\u00ed, opera\u010dn\u00edho syst\u00e9mu a verze aplikace.<\/li><\/ul><p>\u00a0<\/p><p>Informace shroma\u017e\u010fujeme pouze s va\u0161\u00edm souhlasem:<\/p><ul><li>Informace o tom, jak pou\u017e\u00edv\u00e1te webov\u00e9 str\u00e1nky a aplikace, v\u010detn\u011b IP adresy, typu prohl\u00ed\u017ee\u010de, typu za\u0159\u00edzen\u00ed, \u010dasu str\u00e1ven\u00e9ho na str\u00e1nk\u00e1ch nebo funkc\u00edch a toho, kter\u00e9 str\u00e1nky nebo funkce nav\u0161t\u011bvujete.<\/li><\/ul><p>\u00a0<\/p><p>N\u00e1sleduj\u00edc\u00ed technologie sledov\u00e1n\u00ed pou\u017e\u00edv\u00e1me pouze po va\u0161em v\u00fdslovn\u00e9m souhlasu:<\/p><ul><li>Google Analytics: Analyzovat chov\u00e1n\u00ed u\u017eivatel\u016f a zlep\u0161ovat va\u0161e<\/li><li>Spr\u00e1vce zna\u010dek Google: Pro spr\u00e1vu zna\u010dek a<\/li><\/ul><h3>3. Pr\u00e1vn\u00ed z\u00e1klad pro zpracov\u00e1n\u00ed<\/h3><p>Va\u0161e \u00fadaje zpracov\u00e1v\u00e1me na z\u00e1klad\u011b n\u00e1sleduj\u00edc\u00edch pr\u00e1vn\u00edch d\u016fvod\u016f:<\/p><ul><li><strong>Smluvn\u00ed nutnost: <\/strong>Poskytov\u00e1n\u00ed v\u00e1mi po\u017eadovan\u00fdch slu\u017eeb, v\u010detn\u011b spr\u00e1vy va\u0161eho \u00fa\u010dtu a transakc\u00ed.<\/li><li><strong>Souhlas: <\/strong>Pro \u010dinnosti zpracov\u00e1n\u00ed, kter\u00e9 vy\u017eaduj\u00ed v\u00fdslovn\u00fd souhlas, jako je anal\u00fdza a<\/li><li><strong>Opr\u00e1vn\u011bn\u00fd z\u00e1jem: <\/strong>Pro \u00fa\u010dely, jako je zlep\u0161ov\u00e1n\u00ed na\u0161ich slu\u017eeb a zaji\u0161t\u011bn\u00ed bezpe\u010dnosti na\u0161\u00ed aplikace a webov\u00fdch str\u00e1nek.<\/li><li><strong>Pr\u00e1vn\u00ed povinnost: <\/strong>spln\u011bn\u00ed z\u00e1konn\u00fdch po\u017eadavk\u016f, jako je veden\u00ed z\u00e1znam\u016f nebo reakce na z\u00e1konn\u00e9 po\u017eadavky \u00fa\u0159ad\u016f.<\/li><\/ul><h3>4. Jak pou\u017e\u00edv\u00e1me va\u0161e informace?<\/h3><p>Va\u0161e \u00fadaje pou\u017e\u00edv\u00e1me k n\u00e1sleduj\u00edc\u00edm \u00fa\u010del\u016fm:<\/p><ul><li>Poskytov\u00e1n\u00ed na\u0161ich slu\u017eeb a spr\u00e1va va\u0161eho u\u017eivatele<\/li><li>Vylep\u0161ov\u00e1n\u00ed webov\u00fdch str\u00e1nek a aplikac\u00ed na z\u00e1klad\u011b anal\u00fdzy chov\u00e1n\u00ed u\u017eivatel\u016f (pouze se souhlasem).<\/li><li>Odpov\u00eddat na dotazy nebo<\/li><li>zas\u00edlat v\u00e1m informace o na\u0161ich slu\u017eb\u00e1ch, pokud jste s t\u00edm souhlasili.<\/li><li>Dodr\u017eov\u00e1n\u00ed z\u00e1konn\u00fdch povinnost\u00ed a zaji\u0161t\u011bn\u00ed<\/li><\/ul><h3>5. Uchov\u00e1v\u00e1n\u00ed \u00fadaj\u016f<\/h3><p>Va\u0161e osobn\u00ed \u00fadaje uchov\u00e1v\u00e1me po dobu nezbytnou k napln\u011bn\u00ed \u00fa\u010del\u016f, pro kter\u00e9 byly shrom\u00e1\u017ed\u011bny, pokud z\u00e1kon nevy\u017eaduje del\u0161\u00ed dobu uchov\u00e1v\u00e1n\u00ed. \u00dadaje t\u00fdkaj\u00edc\u00ed se u\u017eivatelsk\u00fdch \u00fa\u010dt\u016f budou vymaz\u00e1ny nebo anonymizov\u00e1ny do 12 m\u011bs\u00edc\u016f po uzav\u0159en\u00ed \u00fa\u010dtu, pokud z\u00e1konn\u00e9 povinnosti nevy\u017eaduj\u00ed jinak.<\/p><h3>6. Bezpe\u010dnostn\u00ed opat\u0159en\u00ed<\/h3><p>Prov\u00e1d\u00edme vhodn\u00e1 technick\u00e1 a organiza\u010dn\u00ed opat\u0159en\u00ed na ochranu va\u0161ich osobn\u00edch \u00fadaj\u016f p\u0159ed neopr\u00e1vn\u011bn\u00fdm p\u0159\u00edstupem, zm\u011bnou, zve\u0159ejn\u011bn\u00edm nebo zni\u010den\u00edm. Tato opat\u0159en\u00ed zahrnuj\u00ed:<\/p><ul><li>\u0160ifrov\u00e1n\u00ed citliv\u00fdch dat<\/li><li>\u0158\u00edzen\u00ed p\u0159\u00edstupu pro omezen\u00ed p\u0159\u00edstupu k dat\u016fm na opr\u00e1vn\u011bn\u00e9 pracovn\u00edky.<\/li><li>Pravideln\u00e9 audity a aktualizace na\u0161eho zabezpe\u010den\u00ed<\/li><\/ul><h3>7. Va\u0161e pr\u00e1va<\/h3><p>Podle GDPR m\u00e1te n\u00e1sleduj\u00edc\u00ed pr\u00e1va:<\/p><ul><li><strong>P\u0159\u00edstup: <\/strong>M\u016f\u017eete si vy\u017e\u00e1dat informace o osobn\u00edch \u00fadaj\u00edch, kter\u00e9 uchov\u00e1v\u00e1me o<\/li><li><strong>Oprava: <\/strong>M\u016f\u017eete po\u017e\u00e1dat o opravu nep\u0159esn\u00fdch nebo ne\u00fapln\u00fdch \u00fadaj\u016f.<\/li><li><strong>Vymaz\u00e1n\u00ed: <\/strong>M\u016f\u017eete po\u017e\u00e1dat o vymaz\u00e1n\u00ed sv\u00fdch \u00fadaj\u016f v souladu s pr\u00e1vn\u00edmi p\u0159edpisy.<\/li><li><strong>Omezen\u00ed: <\/strong>V ur\u010dit\u00fdch p\u0159\u00edpadech m\u016f\u017eete po\u017e\u00e1dat o omezen\u00e9 zpracov\u00e1n\u00ed sv\u00fdch \u00fadaj\u016f.<\/li><li><strong>P\u0159enositelnost: <\/strong>M\u016f\u017eete si vy\u017e\u00e1dat \u00fadaje ve strukturovan\u00e9m, b\u011b\u017en\u011b pou\u017e\u00edvan\u00e9m form\u00e1tu.<\/li><li><strong>N\u00e1mitka: <\/strong>M\u016f\u017eete vzn\u00e9st n\u00e1mitku proti zpracov\u00e1n\u00ed na z\u00e1klad\u011b opr\u00e1vn\u011bn\u00fdch z\u00e1jm\u016f nebo p\u0159\u00edm\u00fdch z\u00e1jm\u016f.<\/li><li><strong>Odvol\u00e1n\u00ed souhlasu: <\/strong>Sv\u016fj souhlas m\u016f\u017eete kdykoli odvolat v p\u0159\u00edpad\u011b zpracov\u00e1n\u00ed, kter\u00e9 vy\u017eaduje.<\/li><\/ul><p>\u00a0<\/p><p>Chcete-li uplatnit sv\u00e1 pr\u00e1va, kontaktujte n\u00e1s na adrese <a href=\"mailto:post@tilemork.com\">post@tilemork.com.<\/a><\/p><h3>8. P\u0159enosy dat<\/h3><p>Pokud jsou va\u0161e \u00fadaje p\u0159ed\u00e1v\u00e1ny mimo EU\/EHP, zaji\u0161\u0165ujeme jejich odpov\u00eddaj\u00edc\u00ed ochranu pomoc\u00ed standardn\u00edch smluvn\u00edch dolo\u017eek schv\u00e1len\u00fdch Evropskou komis\u00ed nebo jin\u00fdch vhodn\u00fdch ochrann\u00fdch opat\u0159en\u00ed.<\/p><h3>9. Soubory cookie a sledov\u00e1n\u00ed<\/h3><p>Spole\u010dnost Tilemork pou\u017e\u00edv\u00e1 nezbytn\u00e9 soubory cookie ke zji\u0161t\u011bn\u00ed a zapamatov\u00e1n\u00ed jazykov\u00fdch preferenc\u00ed u\u017eivatel\u016f. P\u0159i n\u00e1v\u0161t\u011bv\u011b webov\u00fdch str\u00e1nek budete po\u017e\u00e1d\u00e1ni o souhlas s pou\u017e\u00edv\u00e1n\u00edm dal\u0161\u00edch typ\u016f soubor\u016f cookie, nap\u0159\u00edklad analytick\u00fdch n\u00e1stroj\u016f.<\/p><p>\u00a0<\/p><p>Co jsou to soubory cookie?<\/p><ul><li>Soubory cookie jsou mal\u00e9 textov\u00e9 soubory, kter\u00e9 se ukl\u00e1daj\u00ed do va\u0161eho za\u0159\u00edzen\u00ed, kdy\u017e pou\u017e\u00edv\u00e1te webov\u00e9 str\u00e1nky.<\/li><\/ul><p>\u00a0<\/p><p>Jak pou\u017e\u00edv\u00e1me soubory cookie?<\/p><ul><li>Zapamatovat si jazyk<\/li><li>Pro analytick\u00e9 \u00fa\u010dely prost\u0159ednictv\u00edm slu\u017eby Google Analytics (pouze se souhlasem).<\/li><\/ul><p>Upozor\u0148ujeme, \u017ee soubory cookie nelze v aplikaci zak\u00e1zat. Pokud jsou soubory cookie v prohl\u00ed\u017ee\u010di webov\u00e9 str\u00e1nky zak\u00e1z\u00e1ny, n\u011bkter\u00e9 funkce nemus\u00ed fungovat tak, jak se o\u010dek\u00e1v\u00e1.<\/p><h3>10. Sd\u00edlen\u00ed informac\u00ed<\/h3><p>Va\u0161e osobn\u00ed \u00fadaje nesd\u00edl\u00edme s t\u0159et\u00edmi stranami, s v\u00fdjimkou n\u00e1sleduj\u00edc\u00edch p\u0159\u00edpad\u016f:<\/p><ul><li><strong>Poskytovatel\u00e9 slu\u017eeb: <\/strong>Google Analytics a dal\u0161\u00ed n\u00e1stroje, kter\u00e9 n\u00e1m pom\u00e1haj\u00ed s anal\u00fdzou dat a Tyto slu\u017eby zaji\u0161\u0165uj\u00ed anonymizaci dat.<\/li><li><strong>Pr\u00e1vn\u00ed povinnosti: <\/strong>spln\u011bn\u00ed z\u00e1konn\u00fdch povinnost\u00ed nebo reakce na z\u00e1konn\u00e9 \u017e\u00e1dosti ve\u0159ejnosti.<\/li><\/ul><h3>11. Zm\u011bny z\u00e1sad ochrany osobn\u00edch \u00fadaj\u016f<\/h3><p>Vyhrazujeme si pr\u00e1vo tyto z\u00e1sady ochrany osobn\u00edch \u00fadaj\u016f aktualizovat. Ve\u0161ker\u00e9 zm\u011bny budou zve\u0159ejn\u011bny na t\u00e9to str\u00e1nce s jasn\u00fdm datem posledn\u00ed aktualizace.<\/p>\t\t\t\t\t\t\t\t<\/div>\n\t\t\t\t<\/div>\n\t\t\t\t\t<\/div>\n\t\t\t\t<\/div>\n\t\t\t\t<\/div>","protected":false},"excerpt":{"rendered":"<p>Z\u00e1sady ochrany osobn\u00edch \u00fadaj\u016f spole\u010dnosti Tilemork AS Naposledy aktualizov\u00e1no: ledna 2025 Spole\u010dnost Tilemork AS respektuje va\u0161e soukrom\u00ed a zavazuje se chr\u00e1nit va\u0161e osobn\u00ed \u00fadaje. Tyto z\u00e1sady ochrany osobn\u00edch \u00fadaj\u016f vysv\u011btluj\u00ed, jak shroma\u017e\u010fujeme, pou\u017e\u00edv\u00e1me, ukl\u00e1d\u00e1me a chr\u00e1n\u00edme informace, kter\u00e9 shroma\u017e\u010fujeme prost\u0159ednictv\u00edm na\u0161ich webov\u00fdch str\u00e1nek, aplikac\u00ed a slu\u017eeb. 1. Kdo jsme Tilemork AS je spole\u010dnost zalo\u017een\u00e1 za \u00fa\u010delem [...]<\/p>","protected":false},"author":1,"featured_media":0,"parent":0,"menu_order":0,"comment_status":"closed","ping_status":"closed","template":"","meta":{"footnotes":""},"class_list":["post-415","page","type-page","status-publish","hentry"],"rankMath":{"parentDomain":"usepayback.com","noFollowDomains":[],"noFollowExcludeDomains":[],"noFollowExternalLinks":false,"featuredImageNotice":"Doporu\u010den\u00fd obr\u00e1zek by m\u011bl b\u00fdt alespo\u0148 200 x 200 pixel\u016f, aby jej bylo mo\u017en\u00e9 zachytit na Facebooku a na jin\u00fdch soci\u00e1ln\u00edch s\u00edt\u00edch.","pluginReviewed":false,"postSettings":{"linkSuggestions":true,"useFocusKeyword":false},"frontEndScore":false,"postName":"privacy-policy","permalinkFormat":"https:\/\/usepayback.com\/cs\/%pagename%\/","showLockModifiedDate":true,"assessor":{"focusKeywordLink":"https:\/\/usepayback.com\/wp-admin\/edit.php?focus_keyword=%focus_keyword%&post_type=%post_type%","hasTOCPlugin":true,"primaryTaxonomy":false,"serpData":{"title":"","description":"","focusKeywords":"","pillarContent":false,"canonicalUrl":"","breadcrumbTitle":"","advancedRobots":{"max-snippet":"-1","max-video-preview":"-1","max-image-preview":"large"},"facebookTitle":"","facebookDescription":"","facebookImage":"","facebookImageID":"","facebookHasOverlay":false,"facebookImageOverlay":"","facebookAuthor":"","twitterCardType":"","twitterUseFacebook":true,"twitterTitle":"","twitterDescription":"","twitterImage":"","twitterImageID":"","twitterHasOverlay":false,"twitterImageOverlay":"","twitterPlayerUrl":"","twitterPlayerSize":"","twitterPlayerStream":"","twitterPlayerStreamCtype":"","twitterAppDescription":"","twitterAppIphoneName":"","twitterAppIphoneID":"","twitterAppIphoneUrl":"","twitterAppIpadName":"","twitterAppIpadID":"","twitterAppIpadUrl":"","twitterAppGoogleplayName":"","twitterAppGoogleplayID":"","twitterAppGoogleplayUrl":"","twitterAppCountry":"","robots":{"index":true},"twitterAuthor":"u\u017eivatelsk\u00e9 jm\u00e9no","primaryTerm":0,"authorName":"getonnet","titleTemplate":"%title% %sep% %sitename%","descriptionTemplate":"%excerpt%","showScoreFrontend":true,"lockModifiedDate":false},"powerWords":[],"diacritics":{"A":"[\\u0041\\u24B6\\uFF21\\u00C0\\u00C1\\u00C2\\u1EA6\\u1EA4\\u1EAA\\u1EA8\\u00C3\\u0100\\u0102\\u1EB0\\u1EAE\\u1EB4\\u1EB2\\u0226\\u01E0\\u00C4\\u01DE\\u1EA2\\u00C5\\u01FA\\u01CD\\u0200\\u0202\\u1EA0\\u1EAC\\u1EB6\\u1E00\\u0104\\u023A\\u2C6F]","AA":"[\\uA732]","AE":"[\\u00C6\\u01FC\\u01E2]","AO":"[\\uA734]","AU":"[\\uA736]","AV":"[\\uA738\\uA73A]","AY":"[\\uA73C]","B":"[\\u0042\\u24B7\\uFF22\\u1E02\\u1E04\\u1E06\\u0243\\u0182\\u0181]","C":"[\\u0043\\u24B8\\uFF23\\u0106\\u0108\\u010A\\u010C\\u00C7\\u1E08\\u0187\\u023B\\uA73E]","D":"[\\u0044\\u24B9\\uFF24\\u1E0A\\u010E\\u1E0C\\u1E10\\u1E12\\u1E0E\\u0110\\u018B\\u018A\\u0189\\uA779]","DZ":"[\\u01F1\\u01C4]","Dz":"[\\u01F2\\u01C5]","E":"[\\u0045\\u24BA\\uFF25\\u00C8\\u00C9\\u00CA\\u1EC0\\u1EBE\\u1EC4\\u1EC2\\u1EBC\\u0112\\u1E14\\u1E16\\u0114\\u0116\\u00CB\\u1EBA\\u011A\\u0204\\u0206\\u1EB8\\u1EC6\\u0228\\u1E1C\\u0118\\u1E18\\u1E1A\\u0190\\u018E]","F":"[\\u0046\\u24BB\\uFF26\\u1E1E\\u0191\\uA77B]","G":"[\\u0047\\u24BC\\uFF27\\u01F4\\u011C\\u1E20\\u011E\\u0120\\u01E6\\u0122\\u01E4\\u0193\\uA7A0\\uA77D\\uA77E]","H":"[\\u0048\\u24BD\\uFF28\\u0124\\u1E22\\u1E26\\u021E\\u1E24\\u1E28\\u1E2A\\u0126\\u2C67\\u2C75\\uA78D]","I":"[\\u0049\\u24BE\\uFF29\\u00CC\\u00CD\\u00CE\\u0128\\u012A\\u012C\\u0130\\u00CF\\u1E2E\\u1EC8\\u01CF\\u0208\\u020A\\u1ECA\\u012E\\u1E2C\\u0197]","J":"[\\u004A\\u24BF\\uFF2A\\u0134\\u0248]","K":"[\\u004B\\u24C0\\uFF2B\\u1E30\\u01E8\\u1E32\\u0136\\u1E34\\u0198\\u2C69\\uA740\\uA742\\uA744\\uA7A2]","L":"[\\u004C\\u24C1\\uFF2C\\u013F\\u0139\\u013D\\u1E36\\u1E38\\u013B\\u1E3C\\u1E3A\\u0141\\u023D\\u2C62\\u2C60\\uA748\\uA746\\uA780]","LJ":"[\\u01C7]","Lj":"[\\u01C8]","M":"[\\u004D\\u24C2\\uFF2D\\u1E3E\\u1E40\\u1E42\\u2C6E\\u019C]","N":"[\\u004E\\u24C3\\uFF2E\\u01F8\\u0143\\u00D1\\u1E44\\u0147\\u1E46\\u0145\\u1E4A\\u1E48\\u0220\\u019D\\uA790\\uA7A4]","NJ":"[\\u01CA]","Nj":"[\\u01CB]","O":"[\\u004F\\u24C4\\uFF2F\\u00D2\\u00D3\\u00D4\\u1ED2\\u1ED0\\u1ED6\\u1ED4\\u00D5\\u1E4C\\u022C\\u1E4E\\u014C\\u1E50\\u1E52\\u014E\\u022E\\u0230\\u00D6\\u022A\\u1ECE\\u0150\\u01D1\\u020C\\u020E\\u01A0\\u1EDC\\u1EDA\\u1EE0\\u1EDE\\u1EE2\\u1ECC\\u1ED8\\u01EA\\u01EC\\u00D8\\u01FE\\u0186\\u019F\\uA74A\\uA74C]","OI":"[\\u01A2]","OO":"[\\uA74E]","OU":"[\\u0222]","P":"[\\u0050\\u24C5\\uFF30\\u1E54\\u1E56\\u01A4\\u2C63\\uA750\\uA752\\uA754]","Q":"[\\u0051\\u24C6\\uFF31\\uA756\\uA758\\u024A]","R":"[\\u0052\\u24C7\\uFF32\\u0154\\u1E58\\u0158\\u0210\\u0212\\u1E5A\\u1E5C\\u0156\\u1E5E\\u024C\\u2C64\\uA75A\\uA7A6\\uA782]","S":"[\\u0053\\u24C8\\uFF33\\u1E9E\\u015A\\u1E64\\u015C\\u1E60\\u0160\\u1E66\\u1E62\\u1E68\\u0218\\u015E\\u2C7E\\uA7A8\\uA784]","T":"[\\u0054\\u24C9\\uFF34\\u1E6A\\u0164\\u1E6C\\u021A\\u0162\\u1E70\\u1E6E\\u0166\\u01AC\\u01AE\\u023E\\uA786]","TZ":"[\\uA728]","U":"[\\u0055\\u24CA\\uFF35\\u00D9\\u00DA\\u00DB\\u0168\\u1E78\\u016A\\u1E7A\\u016C\\u00DC\\u01DB\\u01D7\\u01D5\\u01D9\\u1EE6\\u016E\\u0170\\u01D3\\u0214\\u0216\\u01AF\\u1EEA\\u1EE8\\u1EEE\\u1EEC\\u1EF0\\u1EE4\\u1E72\\u0172\\u1E76\\u1E74\\u0244]","V":"[\\u0056\\u24CB\\uFF36\\u1E7C\\u1E7E\\u01B2\\uA75E\\u0245]","VY":"[\\uA760]","W":"[\\u0057\\u24CC\\uFF37\\u1E80\\u1E82\\u0174\\u1E86\\u1E84\\u1E88\\u2C72]","X":"[\\u0058\\u24CD\\uFF38\\u1E8A\\u1E8C]","Y":"[\\u0059\\u24CE\\uFF39\\u1EF2\\u00DD\\u0176\\u1EF8\\u0232\\u1E8E\\u0178\\u1EF6\\u1EF4\\u01B3\\u024E\\u1EFE]","Z":"[\\u005A\\u24CF\\uFF3A\\u0179\\u1E90\\u017B\\u017D\\u1E92\\u1E94\\u01B5\\u0224\\u2C7F\\u2C6B\\uA762]","a":"[\\u0061\\u24D0\\uFF41\\u1E9A\\u00E0\\u00E1\\u00E2\\u1EA7\\u1EA5\\u1EAB\\u1EA9\\u00E3\\u0101\\u0103\\u1EB1\\u1EAF\\u1EB5\\u1EB3\\u0227\\u01E1\\u00E4\\u01DF\\u1EA3\\u00E5\\u01FB\\u01CE\\u0201\\u0203\\u1EA1\\u1EAD\\u1EB7\\u1E01\\u0105\\u2C65\\u0250]","aa":"[\\uA733]","ae":"[\\u00E6\\u01FD\\u01E3]","ao":"[\\uA735]","au":"[\\uA737]","av":"[\\uA739\\uA73B]","ay":"[\\uA73D]","b":"[\\u0062\\u24D1\\uFF42\\u1E03\\u1E05\\u1E07\\u0180\\u0183\\u0253]","c":"[\\u0063\\u24D2\\uFF43\\u0107\\u0109\\u010B\\u010D\\u00E7\\u1E09\\u0188\\u023C\\uA73F\\u2184]","d":"[\\u0064\\u24D3\\uFF44\\u1E0B\\u010F\\u1E0D\\u1E11\\u1E13\\u1E0F\\u0111\\u018C\\u0256\\u0257\\uA77A]","dz":"[\\u01F3\\u01C6]","e":"[\\u0065\\u24D4\\uFF45\\u00E8\\u00E9\\u00EA\\u1EC1\\u1EBF\\u1EC5\\u1EC3\\u1EBD\\u0113\\u1E15\\u1E17\\u0115\\u0117\\u00EB\\u1EBB\\u011B\\u0205\\u0207\\u1EB9\\u1EC7\\u0229\\u1E1D\\u0119\\u1E19\\u1E1B\\u0247\\u025B\\u01DD]","f":"[\\u0066\\u24D5\\uFF46\\u1E1F\\u0192\\uA77C]","g":"[\\u0067\\u24D6\\uFF47\\u01F5\\u011D\\u1E21\\u011F\\u0121\\u01E7\\u0123\\u01E5\\u0260\\uA7A1\\u1D79\\uA77F]","h":"[\\u0068\\u24D7\\uFF48\\u0125\\u1E23\\u1E27\\u021F\\u1E25\\u1E29\\u1E2B\\u1E96\\u0127\\u2C68\\u2C76\\u0265]","hv":"[\\u0195]","i":"[\\u0069\\u24D8\\uFF49\\u00EC\\u00ED\\u00EE\\u0129\\u012B\\u012D\\u00EF\\u1E2F\\u1EC9\\u01D0\\u0209\\u020B\\u1ECB\\u012F\\u1E2D\\u0268\\u0131]","j":"[\\u006A\\u24D9\\uFF4A\\u0135\\u01F0\\u0249]","k":"[\\u006B\\u24DA\\uFF4B\\u1E31\\u01E9\\u1E33\\u0137\\u1E35\\u0199\\u2C6A\\uA741\\uA743\\uA745\\uA7A3]","l":"[\\u006C\\u24DB\\uFF4C\\u0140\\u013A\\u013E\\u1E37\\u1E39\\u013C\\u1E3D\\u1E3B\\u017F\\u0142\\u019A\\u026B\\u2C61\\uA749\\uA781\\uA747]","lj":"[\\u01C9]","m":"[\\u006D\\u24DC\\uFF4D\\u1E3F\\u1E41\\u1E43\\u0271\\u026F]","n":"[\\u006E\\u24DD\\uFF4E\\u01F9\\u0144\\u00F1\\u1E45\\u0148\\u1E47\\u0146\\u1E4B\\u1E49\\u019E\\u0272\\u0149\\uA791\\uA7A5]","nj":"[\\u01CC]","o":"[\\u006F\\u24DE\\uFF4F\\u00F2\\u00F3\\u00F4\\u1ED3\\u1ED1\\u1ED7\\u1ED5\\u00F5\\u1E4D\\u022D\\u1E4F\\u014D\\u1E51\\u1E53\\u014F\\u022F\\u0231\\u00F6\\u022B\\u1ECF\\u0151\\u01D2\\u020D\\u020F\\u01A1\\u1EDD\\u1EDB\\u1EE1\\u1EDF\\u1EE3\\u1ECD\\u1ED9\\u01EB\\u01ED\\u00F8\\u01FF\\u0254\\uA74B\\uA74D\\u0275]","oi":"[\\u01A3]","ou":"[\\u0223]","oo":"[\\uA74F]","p":"[\\u0070\\u24DF\\uFF50\\u1E55\\u1E57\\u01A5\\u1D7D\\uA751\\uA753\\uA755]","q":"[\\u0071\\u24E0\\uFF51\\u024B\\uA757\\uA759]","r":"[\\u0072\\u24E1\\uFF52\\u0155\\u1E59\\u0159\\u0211\\u0213\\u1E5B\\u1E5D\\u0157\\u1E5F\\u024D\\u027D\\uA75B\\uA7A7\\uA783]","s":"[\\u0073\\u24E2\\uFF53\\u015B\\u1E65\\u015D\\u1E61\\u0161\\u1E67\\u1E63\\u1E69\\u0219\\u015F\\u023F\\uA7A9\\uA785\\u1E9B]","ss":"[\\u00DF]","t":"[\\u0074\\u24E3\\uFF54\\u1E6B\\u1E97\\u0165\\u1E6D\\u021B\\u0163\\u1E71\\u1E6F\\u0167\\u01AD\\u0288\\u2C66\\uA787]","tz":"[\\uA729]","u":"[\\u0075\\u24E4\\uFF55\\u00F9\\u00FA\\u00FB\\u0169\\u1E79\\u016B\\u1E7B\\u016D\\u00FC\\u01DC\\u01D8\\u01D6\\u01DA\\u1EE7\\u016F\\u0171\\u01D4\\u0215\\u0217\\u01B0\\u1EEB\\u1EE9\\u1EEF\\u1EED\\u1EF1\\u1EE5\\u1E73\\u0173\\u1E77\\u1E75\\u0289]","v":"[\\u0076\\u24E5\\uFF56\\u1E7D\\u1E7F\\u028B\\uA75F\\u028C]","vy":"[\\uA761]","w":"[\\u0077\\u24E6\\uFF57\\u1E81\\u1E83\\u0175\\u1E87\\u1E85\\u1E98\\u1E89\\u2C73]","x":"[\\u0078\\u24E7\\uFF58\\u1E8B\\u1E8D]","y":"[\\u0079\\u24E8\\uFF59\\u1EF3\\u00FD\\u0177\\u1EF9\\u0233\\u1E8F\\u00FF\\u1EF7\\u1E99\\u1EF5\\u01B4\\u024F\\u1EFF]","z":"[\\u007A\\u24E9\\uFF5A\\u017A\\u1E91\\u017C\\u017E\\u1E93\\u1E95\\u01B6\\u0225\\u0240\\u2C6C\\uA763]"},"researchesTests":["contentHasTOC","contentHasShortParagraphs","contentHasAssets","keywordInTitle","keywordInMetaDescription","keywordInPermalink","keywordIn10Percent","keywordInContent","keywordInSubheadings","keywordInImageAlt","keywordDensity","keywordNotUsed","lengthContent","lengthPermalink","linksHasInternal","linksHasExternals","linksNotAllExternals","titleStartWithKeyword","titleSentiment","titleHasPowerWords","titleHasNumber","hasContentAI"],"hasRedirection":false,"hasBreadcrumb":false},"homeUrl":"https:\/\/usepayback.com\/cs","objectID":415,"objectType":"post","locale":"cs","localeFull":"cs_CZ","overlayImages":{"play":{"name":"Ikona p\u0159ehr\u00e1v\u00e1n\u00ed","url":"https:\/\/usepayback.com\/wp-content\/plugins\/seo-by-rank-math\/assets\/admin\/img\/icon-play.png","path":"\/home\/payback\/public_html\/wp-content\/plugins\/seo-by-rank-math\/assets\/admin\/img\/icon-play.png","position":"middle_center"},"gif":{"name":"GIF ikona","url":"https:\/\/usepayback.com\/wp-content\/plugins\/seo-by-rank-math\/assets\/admin\/img\/icon-gif.png","path":"\/home\/payback\/public_html\/wp-content\/plugins\/seo-by-rank-math\/assets\/admin\/img\/icon-gif.png","position":"middle_center"}},"defautOgImage":"https:\/\/usepayback.com\/wp-content\/uploads\/2024\/11\/Logo.svg","customPermalinks":true,"isUserRegistered":false,"autoSuggestKeywords":false,"connectSiteUrl":"https:\/\/rankmath.com\/auth?site=https%3A%2F%2Fusepayback.com%2Fcs&r=https%3A%2F%2Fusepayback.com%2Fcs%2Fwp-json%2Fwp%2Fv2%2Fpages%2F415%3Fnonce%3D195e6431a3","maxTags":5,"trendsIcon":"<svg viewBox=\"0 0 610 610\"><path d=\"M18.85,446,174.32,290.48l58.08,58.08L76.93,504a14.54,14.54,0,0,1-20.55,0L18.83,466.48a14.54,14.54,0,0,1,0-20.55Z\" style=\"fill:#4285f4\"\/><path d=\"M242.65,242.66,377.59,377.6l-47.75,47.75a14.54,14.54,0,0,1-20.55,0L174.37,290.43l47.75-47.75A14.52,14.52,0,0,1,242.65,242.66Z\" style=\"fill:#ea4335\"\/><polygon points=\"319.53 319.53 479.26 159.8 537.34 217.88 377.61 377.62 319.53 319.53\" style=\"fill:#fabb05\"\/><path d=\"M594.26,262.73V118.61h0a16.94,16.94,0,0,0-16.94-16.94H433.2a16.94,16.94,0,0,0-12,28.92L565.34,274.71h0a16.94,16.94,0,0,0,28.92-12Z\" style=\"fill:#34a853\"\/><rect width=\"610\" height=\"610\" style=\"fill:none\"\/><\/svg>","showScore":true,"siteFavIcon":"https:\/\/usepayback.com\/wp-content\/uploads\/2024\/12\/Favicon.svg","canUser":{"general":false,"advanced":false,"snippet":false,"social":false,"analysis":false,"analytics":false,"content_ai":false},"isPro":false,"is_front_page":false,"trendsUpgradeLink":"https:\/\/rankmath.com\/pricing\/?utm_source=Plugin&utm_medium=CE%20General%20Tab%20Trends&utm_campaign=WP","trendsUpgradeLabel":"Upgradovat","trendsPreviewImage":"https:\/\/usepayback.com\/wp-content\/plugins\/seo-by-rank-math\/assets\/admin\/img\/trends-preview.jpg","currentEditor":false,"homepageData":{"assessor":{"powerWords":[],"diacritics":true,"researchesTests":["contentHasTOC","contentHasShortParagraphs","contentHasAssets","keywordInTitle","keywordInMetaDescription","keywordInPermalink","keywordIn10Percent","keywordInContent","keywordInSubheadings","keywordInImageAlt","keywordDensity","keywordNotUsed","lengthContent","lengthPermalink","linksHasInternal","linksHasExternals","linksNotAllExternals","titleStartWithKeyword","titleSentiment","titleHasPowerWords","titleHasNumber","hasContentAI"],"hasBreadcrumb":false,"serpData":{"title":"%sitename% %page% %sep% %sitedesc%","description":"","titleTemplate":"%sitename% %page% %sep% %sitedesc%","descriptionTemplate":"","focusKeywords":"","breadcrumbTitle":"Home","robots":{"index":true},"advancedRobots":{"max-snippet":"-1","max-video-preview":"-1","max-image-preview":"large"},"facebookTitle":"","facebookDescription":"","facebookImage":"","facebookImageID":""}}},"tocTitle":"Table of Contents","tocExcludeHeadings":[],"listStyle":"ul"},"_links":{"self":[{"href":"https:\/\/usepayback.com\/cs\/wp-json\/wp\/v2\/pages\/415","targetHints":{"allow":["GET"]}}],"collection":[{"href":"https:\/\/usepayback.com\/cs\/wp-json\/wp\/v2\/pages"}],"about":[{"href":"https:\/\/usepayback.com\/cs\/wp-json\/wp\/v2\/types\/page"}],"author":[{"embeddable":true,"href":"https:\/\/usepayback.com\/cs\/wp-json\/wp\/v2\/users\/1"}],"replies":[{"embeddable":true,"href":"https:\/\/usepayback.com\/cs\/wp-json\/wp\/v2\/comments?post=415"}],"version-history":[{"count":0,"href":"https:\/\/usepayback.com\/cs\/wp-json\/wp\/v2\/pages\/415\/revisions"}],"wp:attachment":[{"href":"https:\/\/usepayback.com\/cs\/wp-json\/wp\/v2\/media?parent=415"}],"curies":[{"name":"wp","href":"https:\/\/api.w.org\/{rel}","templated":true}]}}