{"id":415,"date":"2024-12-10T12:14:02","date_gmt":"2024-12-10T12:14:02","guid":{"rendered":"https:\/\/usepayback.com\/?page_id=415"},"modified":"2025-01-14T02:38:44","modified_gmt":"2025-01-14T02:38:44","slug":"privacy-policy","status":"publish","type":"page","link":"https:\/\/usepayback.com\/sq\/privacy-policy\/","title":{"rendered":"Politika e privat\u00ebsis\u00eb"},"content":{"rendered":"<div data-elementor-type=\"wp-page\" data-elementor-id=\"415\" class=\"elementor elementor-415\" data-elementor-post-type=\"page\">\n\t\t\t\t<div class=\"elementor-element elementor-element-fe0f3b7 e-flex e-con-boxed e-con e-parent\" data-id=\"fe0f3b7\" data-element_type=\"container\">\n\t\t\t\t\t<div class=\"e-con-inner\">\n\t\t\t\t<div class=\"elementor-element elementor-element-f588c80 elementor-widget elementor-widget-heading\" data-id=\"f588c80\" data-element_type=\"widget\" data-widget_type=\"heading.default\">\n\t\t\t\t<div class=\"elementor-widget-container\">\n\t\t\t\t\t<h1 class=\"elementor-heading-title elementor-size-default\">Politika e privat\u00ebsis\u00eb p\u00ebr Tilemork AS<\/h1>\t\t\t\t<\/div>\n\t\t\t\t<\/div>\n\t\t\t\t<div class=\"elementor-element elementor-element-c28298a elementor-widget elementor-widget-heading\" data-id=\"c28298a\" data-element_type=\"widget\" data-widget_type=\"heading.default\">\n\t\t\t\t<div class=\"elementor-widget-container\">\n\t\t\t\t\t<span class=\"elementor-heading-title elementor-size-default\">P\u00ebrdit\u00ebsimi i fundit: 9 janar 2025 <\/span>\t\t\t\t<\/div>\n\t\t\t\t<\/div>\n\t\t\t\t<div class=\"elementor-element elementor-element-4eaa9e5 elementor-widget elementor-widget-text-editor\" data-id=\"4eaa9e5\" data-element_type=\"widget\" data-widget_type=\"text-editor.default\">\n\t\t\t\t<div class=\"elementor-widget-container\">\n\t\t\t\t\t\t\t\t\t<p>Tilemork AS respekton privat\u00ebsin\u00eb tuaj dhe \u00ebsht\u00eb e p\u00ebrkushtuar t\u00eb mbroj\u00eb t\u00eb dh\u00ebnat tuaja personale. Kjo politik\u00eb e privat\u00ebsis\u00eb shpjegon se si ne mbledhim, p\u00ebrdorim, ruajm\u00eb dhe mbrojm\u00eb informacionin q\u00eb mbledhim p\u00ebrmes faqes son\u00eb t\u00eb internetit, aplikacionit dhe sh\u00ebrbimeve.<\/p><h3>1. Kush jemi ne<\/h3><p>Tilemork AS \u00ebsht\u00eb nj\u00eb kompani e krijuar p\u00ebr t\u00eb zhvilluar zgjidhje teknike dhe dixhitale. Bazuar n\u00eb Norvegji me nj\u00eb perspektiv\u00eb globale, ne hartojm\u00eb zgjidhje aplikimi q\u00eb p\u00ebrmir\u00ebsojn\u00eb ofertat ekzistuese. Konfidencialiteti dhe diskrecioni jan\u00eb parime themelore n\u00eb qasjen ton\u00eb, duke siguruar q\u00eb idet\u00eb dhe konceptet t\u00eb verifikohen t\u00ebr\u00ebsisht p\u00ebrpara zhvillimit t\u00eb m\u00ebtejsh\u00ebm. Ne integrojm\u00eb informacionin nga burime t\u00eb shumta dhe e vendosim at\u00eb n\u00eb nj\u00eb kontekst m\u00eb t\u00eb gjer\u00eb p\u00ebr t\u00eb dh\u00ebn\u00eb rezultatet m\u00eb t\u00eb mira t\u00eb mundshme.<\/p><p>Ne sigurojm\u00eb q\u00eb informacioni juaj t\u00eb p\u00ebrpunohet n\u00eb p\u00ebrputhje me ligjet n\u00eb fuqi p\u00ebr mbrojtjen e t\u00eb dh\u00ebnave, duke p\u00ebrfshir\u00eb GDPR (Rregullorja e P\u00ebrgjithshme e Mbrojtjes s\u00eb t\u00eb Dh\u00ebnave).<\/p><p>Informacioni i kontaktit:<\/p><p>Email: <a href=\"mailto:post@tilemork.com\">post@tilemork.com<\/a><\/p><p>Numri i Organizat\u00ebs: 933 854 965<\/p><h3>2. \u00c7far\u00eb informacioni mbledhim?<\/h3><p>Informacioni q\u00eb na jepni:<\/p><ul><li>Emri, adresa e emailit, numri i telefonit dhe detaje t\u00eb tjera q\u00eb jepni kur plot\u00ebsoni formular\u00ebt, regjistroni nj\u00eb llogari ose na kontaktoni.<\/li><\/ul><p>\u00a0<\/p><p>Informacioni i mbledhur p\u00ebrmes aplikacionit:<\/p><ul><li>Informacioni i p\u00ebrdoruesit: T\u00eb dh\u00ebnat q\u00eb jepni gjat\u00eb regjistrimit, duke p\u00ebrfshir\u00eb emrin e p\u00ebrdoruesit dhe fotografin\u00eb e profilit, n\u00ebse ka.<\/li><li>Aktiviteti: Regjistrat e transaksioneve, vulat kohore dhe nd\u00ebrveprimet e tjera me<\/li><li>T\u00eb dh\u00ebnat e pajisjes: Informacion rreth pajisjes q\u00eb p\u00ebrdorni, duke p\u00ebrfshir\u00eb llojin e pajisjes, sistemin operativ dhe versionin e aplikacionit.<\/li><\/ul><p>\u00a0<\/p><p>Informacioni q\u00eb mbledhim vet\u00ebm me p\u00eblqimin tuaj:<\/p><ul><li>Informacion rreth m\u00ebnyr\u00ebs se si e p\u00ebrdorni uebsajtin dhe aplikacionin, duke p\u00ebrfshir\u00eb adres\u00ebn IP, llojin e shfletuesit, llojin e pajisjes, koh\u00ebn e kaluar n\u00eb faqe ose ve\u00e7ori dhe n\u00eb cilat faqe ose ve\u00e7ori keni akses.<\/li><\/ul><p>\u00a0<\/p><p>Ne p\u00ebrdorim teknologjit\u00eb e m\u00ebposhtme t\u00eb gjurmimit vet\u00ebm pasi t\u00eb keni dh\u00ebn\u00eb p\u00eblqimin tuaj t\u00eb qart\u00eb:<\/p><ul><li>Google Analytics: P\u00ebr t\u00eb analizuar sjelljen e p\u00ebrdoruesit dhe p\u00ebr t\u00eb p\u00ebrmir\u00ebsuar sjelljen tuaj<\/li><li>Menaxheri i etiketave Google: P\u00ebr t\u00eb menaxhuar etiketat dhe<\/li><\/ul><h3>3. Baza ligjore p\u00ebr p\u00ebrpunim<\/h3><p>Ne i p\u00ebrpunojm\u00eb t\u00eb dh\u00ebnat tuaja bazuar n\u00eb bazat e m\u00ebposhtme ligjore:<\/p><ul><li><strong>Nevoja kontraktuale: <\/strong>P\u00ebr t\u00eb ofruar sh\u00ebrbimet q\u00eb keni k\u00ebrkuar, duke p\u00ebrfshir\u00eb menaxhimin e llogaris\u00eb tuaj dhe transaksionet.<\/li><li><strong>P\u00eblqimi: <\/strong>P\u00ebr p\u00ebrpunimin e aktiviteteve q\u00eb k\u00ebrkojn\u00eb p\u00eblqim t\u00eb qart\u00eb, t\u00eb tilla si analitika dhe<\/li><li><strong>Interesi legjitim: <\/strong>P\u00ebr q\u00ebllime t\u00eb tilla si p\u00ebrmir\u00ebsimi i sh\u00ebrbimeve tona dhe sigurimi i siguris\u00eb s\u00eb aplikacionit dhe faqes son\u00eb t\u00eb internetit.<\/li><li><strong>Detyrimi ligjor: <\/strong>P\u00ebr t&#039;u pajtuar me k\u00ebrkesat ligjore, t\u00eb tilla si mbajtja e sh\u00ebnimeve ose p\u00ebrgjigjja ndaj k\u00ebrkesave t\u00eb ligjshme nga autoritetet.<\/li><\/ul><h3>4. Si e p\u00ebrdorim informacionin tuaj?<\/h3><p>Ne p\u00ebrdorim informacionin tuaj p\u00ebr q\u00ebllimet e m\u00ebposhtme:<\/p><ul><li>P\u00ebr t\u00eb ofruar sh\u00ebrbimet tona dhe p\u00ebr t\u00eb menaxhuar p\u00ebrdoruesin tuaj<\/li><li>P\u00ebr t\u00eb p\u00ebrmir\u00ebsuar faqen e internetit dhe aplikacionin bazuar n\u00eb analiz\u00ebn e sjelljes s\u00eb p\u00ebrdoruesit (vet\u00ebm me p\u00eblqim).<\/li><li>P\u00ebr t&#039;iu p\u00ebrgjigjur pyetjeve ose<\/li><li>P\u00ebr t&#039;ju d\u00ebrguar informacion n\u00eb lidhje me sh\u00ebrbimet tona, n\u00ebse keni pranuar<\/li><li>T\u00eb respektoj\u00eb detyrimet ligjore dhe t\u00eb siguroj\u00eb<\/li><\/ul><h3>5. Ruajtja e t\u00eb dh\u00ebnave<\/h3><p>Ne i ruajm\u00eb t\u00eb dh\u00ebnat tuaja personale p\u00ebr aq koh\u00eb sa \u00ebsht\u00eb e nevojshme p\u00ebr t\u00eb p\u00ebrmbushur q\u00ebllimet p\u00ebr t\u00eb cilat jan\u00eb mbledhur, p\u00ebrve\u00e7 n\u00ebse k\u00ebrkohet nj\u00eb periudh\u00eb m\u00eb e gjat\u00eb ruajtjeje me ligj. T\u00eb dh\u00ebnat n\u00eb lidhje me llogarit\u00eb e p\u00ebrdoruesve do t\u00eb fshihen ose anonimizohen brenda 12 muajve pas mbylljes s\u00eb llogaris\u00eb, p\u00ebrve\u00e7 n\u00ebse k\u00ebrkohet ndryshe nga detyrimet ligjore.<\/p><h3>6. Masat e siguris\u00eb<\/h3><p>Ne zbatojm\u00eb masat e duhura teknike dhe organizative p\u00ebr t\u00eb mbrojtur t\u00eb dh\u00ebnat tuaja personale nga aksesi, ndryshimi, zbulimi ose shkat\u00ebrrimi i paautorizuar. K\u00ebto masa p\u00ebrfshijn\u00eb:<\/p><ul><li>Kriptimi i t\u00eb ndjeshmeve<\/li><li>Kontrolli i aksesit p\u00ebr t\u00eb kufizuar aksesin e t\u00eb dh\u00ebnave p\u00ebr personelin e autorizuar<\/li><li>Kontrolle dhe p\u00ebrdit\u00ebsime t\u00eb rregullta p\u00ebr sigurin\u00eb ton\u00eb<\/li><\/ul><h3>7. T\u00eb drejtat tuaja<\/h3><p>Sipas GDPR, ju keni t\u00eb drejtat e m\u00ebposhtme:<\/p><ul><li><strong>Qasja: <\/strong>Ju mund t\u00eb k\u00ebrkoni informacion n\u00eb lidhje me t\u00eb dh\u00ebnat personale q\u00eb ne mbajm\u00eb<\/li><li><strong>Korrigjimi: <\/strong>Ju mund t\u00eb k\u00ebrkoni korrigjime t\u00eb pasakta ose jo t\u00eb plota<\/li><li><strong>Fshirja: <\/strong>Ju mund t\u00eb k\u00ebrkoni fshirjen e t\u00eb dh\u00ebnave tuaja, sipas ligjit<\/li><li><strong>Kufizimi: <\/strong>Ju mund t\u00eb k\u00ebrkoni p\u00ebrpunim t\u00eb kufizuar t\u00eb t\u00eb dh\u00ebnave tuaja n\u00eb disa raste<\/li><li><strong>Transportueshm\u00ebria: <\/strong>Ju mund t&#039;i k\u00ebrkoni t\u00eb dh\u00ebnat tuaja n\u00eb nj\u00eb t\u00eb strukturuar, t\u00eb p\u00ebrdorur zakonisht<\/li><li><strong>Kund\u00ebrshtim: <\/strong>Ju mund t\u00eb kund\u00ebrshtoni p\u00ebrpunimin bazuar n\u00eb interesa legjitime ose t\u00eb drejtp\u00ebrdrejta<\/li><li><strong>T\u00ebrhiq p\u00eblqimin: <\/strong>Ju mund ta t\u00ebrhiqni p\u00eblqimin tuaj n\u00eb \u00e7do koh\u00eb p\u00ebr p\u00ebrpunimin q\u00eb k\u00ebrkon<\/li><\/ul><p>\u00a0<\/p><p>P\u00ebr t\u00eb ushtruar t\u00eb drejtat tuaja, ju lutemi na kontaktoni n\u00eb <a href=\"mailto:post@tilemork.com\">post@tilemork.com.<\/a><\/p><h3>8. Transferimet e t\u00eb dh\u00ebnave<\/h3><p>N\u00ebse t\u00eb dh\u00ebnat tuaja transferohen jasht\u00eb BE-s\u00eb\/ZEE-s\u00eb, ne sigurojm\u00eb mbrojtjen e duhur duke p\u00ebrdorur klauzola standarde kontraktuale t\u00eb miratuara nga Komisioni Evropian ose masa t\u00eb tjera t\u00eb p\u00ebrshtatshme mbrojt\u00ebse.<\/p><h3>9. Cookies dhe gjurmimi<\/h3><p>Tilemork p\u00ebrdor cookie-t e nevojshme p\u00ebr t\u00eb zbuluar dhe mbajtur mend preferencat gjuh\u00ebsore t\u00eb p\u00ebrdoruesve. Kur vizitoni faqen e internetit, do t&#039;ju k\u00ebrkohet t\u00eb jepni p\u00eblqimin p\u00ebr p\u00ebrdorimin e llojeve t\u00eb tjera t\u00eb cookie-ve, si\u00e7 jan\u00eb mjetet analitike.<\/p><p>\u00a0<\/p><p>\u00c7far\u00eb jan\u00eb cookies?<\/p><ul><li>Cookies jan\u00eb skedar\u00eb t\u00eb vegj\u00ebl teksti t\u00eb ruajtur n\u00eb pajisjen tuaj kur p\u00ebrdorni faqen e internetit ose<\/li><\/ul><p>\u00a0<\/p><p>Si i p\u00ebrdorim cookies?<\/p><ul><li>P\u00ebr t\u00eb kujtuar gjuh\u00ebn<\/li><li>P\u00ebr q\u00ebllime analitike n\u00ebp\u00ebrmjet Google Analytics (vet\u00ebm me p\u00eblqim).<\/li><\/ul><p>Ju lutemi vini re se cookies nuk mund t\u00eb \u00e7aktivizohen n\u00eb aplikacion. Disa funksione mund t\u00eb mos funksionojn\u00eb si\u00e7 pritej n\u00ebse skedar\u00ebt e skedar\u00ebve jan\u00eb \u00e7aktivizuar n\u00eb shfletuesin p\u00ebr faqen e internetit.<\/p><h3>10. Ndarja e informacionit<\/h3><p>Ne nuk i ndajm\u00eb t\u00eb dh\u00ebnat tuaja personale me pal\u00ebt e treta, p\u00ebrve\u00e7 n\u00eb rastet e m\u00ebposhtme:<\/p><ul><li><strong>Ofruesit e sh\u00ebrbimeve: <\/strong>Google Analytics dhe mjete t\u00eb tjera q\u00eb na ndihmojn\u00eb me analiz\u00ebn e t\u00eb dh\u00ebnave dhe k\u00ebto sh\u00ebrbime sigurojn\u00eb q\u00eb t\u00eb dh\u00ebnat t\u00eb jen\u00eb anonime.<\/li><li><strong>Detyrimet ligjore: <\/strong>P\u00ebr t\u00eb p\u00ebrmbushur detyrimet ligjore ose p\u00ebr t&#039;iu p\u00ebrgjigjur k\u00ebrkesave t\u00eb ligjshme t\u00eb publikut<\/li><\/ul><h3>11. Ndryshime n\u00eb politik\u00ebn e privat\u00ebsis\u00eb<\/h3><p>Ne rezervojm\u00eb t\u00eb drejt\u00ebn p\u00ebr t\u00eb p\u00ebrdit\u00ebsuar k\u00ebt\u00eb politik\u00eb t\u00eb privat\u00ebsis\u00eb. \u00c7do ndryshim do t\u00eb publikohet n\u00eb k\u00ebt\u00eb faqe me nj\u00eb dat\u00eb t\u00eb qart\u00eb t\u00eb p\u00ebrdit\u00ebsimit t\u00eb fundit.<\/p>\t\t\t\t\t\t\t\t<\/div>\n\t\t\t\t<\/div>\n\t\t\t\t\t<\/div>\n\t\t\t\t<\/div>\n\t\t\t\t<\/div>","protected":false},"excerpt":{"rendered":"<p>Politika e privat\u00ebsis\u00eb p\u00ebr Tilemork AS P\u00ebrdit\u00ebsimi i fundit: 9 janar 2025 Tilemork AS respekton privat\u00ebsin\u00eb tuaj dhe angazhohet t\u00eb mbroj\u00eb t\u00eb dh\u00ebnat tuaja personale. Kjo politik\u00eb e privat\u00ebsis\u00eb shpjegon se si ne mbledhim, p\u00ebrdorim, ruajm\u00eb dhe mbrojm\u00eb informacionin q\u00eb mbledhim p\u00ebrmes faqes son\u00eb t\u00eb internetit, aplikacionit dhe sh\u00ebrbimeve. 1. Kush jemi ne Tilemork AS \u00ebsht\u00eb nj\u00eb kompani e themeluar p\u00ebr t\u00eb [\u2026]<\/p>","protected":false},"author":1,"featured_media":0,"parent":0,"menu_order":0,"comment_status":"closed","ping_status":"closed","template":"","meta":{"footnotes":""},"class_list":["post-415","page","type-page","status-publish","hentry"],"rankMath":{"parentDomain":"usepayback.com","noFollowDomains":[],"noFollowExcludeDomains":[],"noFollowExternalLinks":false,"featuredImageNotice":"The featured image should be at least 200 by 200 pixels to be picked up by Facebook and other social media sites.","pluginReviewed":false,"postSettings":{"linkSuggestions":true,"useFocusKeyword":false},"frontEndScore":false,"postName":"privacy-policy","permalinkFormat":"https:\/\/usepayback.com\/sq\/%pagename%\/","showLockModifiedDate":true,"assessor":{"focusKeywordLink":"https:\/\/usepayback.com\/wp-admin\/edit.php?focus_keyword=%focus_keyword%&post_type=%post_type%","hasTOCPlugin":true,"primaryTaxonomy":false,"serpData":{"title":"","description":"","focusKeywords":"","pillarContent":false,"canonicalUrl":"","breadcrumbTitle":"","advancedRobots":{"max-snippet":"-1","max-video-preview":"-1","max-image-preview":"large"},"facebookTitle":"","facebookDescription":"","facebookImage":"","facebookImageID":"","facebookHasOverlay":false,"facebookImageOverlay":"","facebookAuthor":"","twitterCardType":"","twitterUseFacebook":true,"twitterTitle":"","twitterDescription":"","twitterImage":"","twitterImageID":"","twitterHasOverlay":false,"twitterImageOverlay":"","twitterPlayerUrl":"","twitterPlayerSize":"","twitterPlayerStream":"","twitterPlayerStreamCtype":"","twitterAppDescription":"","twitterAppIphoneName":"","twitterAppIphoneID":"","twitterAppIphoneUrl":"","twitterAppIpadName":"","twitterAppIpadID":"","twitterAppIpadUrl":"","twitterAppGoogleplayName":"","twitterAppGoogleplayID":"","twitterAppGoogleplayUrl":"","twitterAppCountry":"","robots":{"index":true},"twitterAuthor":"username","primaryTerm":0,"authorName":"getonnet","titleTemplate":"%title% %sep% %sitename%","descriptionTemplate":"%excerpt%","showScoreFrontend":true,"lockModifiedDate":false},"powerWords":[],"diacritics":{"A":"[\\u0041\\u24B6\\uFF21\\u00C0\\u00C1\\u00C2\\u1EA6\\u1EA4\\u1EAA\\u1EA8\\u00C3\\u0100\\u0102\\u1EB0\\u1EAE\\u1EB4\\u1EB2\\u0226\\u01E0\\u00C4\\u01DE\\u1EA2\\u00C5\\u01FA\\u01CD\\u0200\\u0202\\u1EA0\\u1EAC\\u1EB6\\u1E00\\u0104\\u023A\\u2C6F]","AA":"[\\uA732]","AE":"[\\u00C6\\u01FC\\u01E2]","AO":"[\\uA734]","AU":"[\\uA736]","AV":"[\\uA738\\uA73A]","AY":"[\\uA73C]","B":"[\\u0042\\u24B7\\uFF22\\u1E02\\u1E04\\u1E06\\u0243\\u0182\\u0181]","C":"[\\u0043\\u24B8\\uFF23\\u0106\\u0108\\u010A\\u010C\\u00C7\\u1E08\\u0187\\u023B\\uA73E]","D":"[\\u0044\\u24B9\\uFF24\\u1E0A\\u010E\\u1E0C\\u1E10\\u1E12\\u1E0E\\u0110\\u018B\\u018A\\u0189\\uA779]","DZ":"[\\u01F1\\u01C4]","Dz":"[\\u01F2\\u01C5]","E":"[\\u0045\\u24BA\\uFF25\\u00C8\\u00C9\\u00CA\\u1EC0\\u1EBE\\u1EC4\\u1EC2\\u1EBC\\u0112\\u1E14\\u1E16\\u0114\\u0116\\u00CB\\u1EBA\\u011A\\u0204\\u0206\\u1EB8\\u1EC6\\u0228\\u1E1C\\u0118\\u1E18\\u1E1A\\u0190\\u018E]","F":"[\\u0046\\u24BB\\uFF26\\u1E1E\\u0191\\uA77B]","G":"[\\u0047\\u24BC\\uFF27\\u01F4\\u011C\\u1E20\\u011E\\u0120\\u01E6\\u0122\\u01E4\\u0193\\uA7A0\\uA77D\\uA77E]","H":"[\\u0048\\u24BD\\uFF28\\u0124\\u1E22\\u1E26\\u021E\\u1E24\\u1E28\\u1E2A\\u0126\\u2C67\\u2C75\\uA78D]","I":"[\\u0049\\u24BE\\uFF29\\u00CC\\u00CD\\u00CE\\u0128\\u012A\\u012C\\u0130\\u00CF\\u1E2E\\u1EC8\\u01CF\\u0208\\u020A\\u1ECA\\u012E\\u1E2C\\u0197]","J":"[\\u004A\\u24BF\\uFF2A\\u0134\\u0248]","K":"[\\u004B\\u24C0\\uFF2B\\u1E30\\u01E8\\u1E32\\u0136\\u1E34\\u0198\\u2C69\\uA740\\uA742\\uA744\\uA7A2]","L":"[\\u004C\\u24C1\\uFF2C\\u013F\\u0139\\u013D\\u1E36\\u1E38\\u013B\\u1E3C\\u1E3A\\u0141\\u023D\\u2C62\\u2C60\\uA748\\uA746\\uA780]","LJ":"[\\u01C7]","Lj":"[\\u01C8]","M":"[\\u004D\\u24C2\\uFF2D\\u1E3E\\u1E40\\u1E42\\u2C6E\\u019C]","N":"[\\u004E\\u24C3\\uFF2E\\u01F8\\u0143\\u00D1\\u1E44\\u0147\\u1E46\\u0145\\u1E4A\\u1E48\\u0220\\u019D\\uA790\\uA7A4]","NJ":"[\\u01CA]","Nj":"[\\u01CB]","O":"[\\u004F\\u24C4\\uFF2F\\u00D2\\u00D3\\u00D4\\u1ED2\\u1ED0\\u1ED6\\u1ED4\\u00D5\\u1E4C\\u022C\\u1E4E\\u014C\\u1E50\\u1E52\\u014E\\u022E\\u0230\\u00D6\\u022A\\u1ECE\\u0150\\u01D1\\u020C\\u020E\\u01A0\\u1EDC\\u1EDA\\u1EE0\\u1EDE\\u1EE2\\u1ECC\\u1ED8\\u01EA\\u01EC\\u00D8\\u01FE\\u0186\\u019F\\uA74A\\uA74C]","OI":"[\\u01A2]","OO":"[\\uA74E]","OU":"[\\u0222]","P":"[\\u0050\\u24C5\\uFF30\\u1E54\\u1E56\\u01A4\\u2C63\\uA750\\uA752\\uA754]","Q":"[\\u0051\\u24C6\\uFF31\\uA756\\uA758\\u024A]","R":"[\\u0052\\u24C7\\uFF32\\u0154\\u1E58\\u0158\\u0210\\u0212\\u1E5A\\u1E5C\\u0156\\u1E5E\\u024C\\u2C64\\uA75A\\uA7A6\\uA782]","S":"[\\u0053\\u24C8\\uFF33\\u1E9E\\u015A\\u1E64\\u015C\\u1E60\\u0160\\u1E66\\u1E62\\u1E68\\u0218\\u015E\\u2C7E\\uA7A8\\uA784]","T":"[\\u0054\\u24C9\\uFF34\\u1E6A\\u0164\\u1E6C\\u021A\\u0162\\u1E70\\u1E6E\\u0166\\u01AC\\u01AE\\u023E\\uA786]","TZ":"[\\uA728]","U":"[\\u0055\\u24CA\\uFF35\\u00D9\\u00DA\\u00DB\\u0168\\u1E78\\u016A\\u1E7A\\u016C\\u00DC\\u01DB\\u01D7\\u01D5\\u01D9\\u1EE6\\u016E\\u0170\\u01D3\\u0214\\u0216\\u01AF\\u1EEA\\u1EE8\\u1EEE\\u1EEC\\u1EF0\\u1EE4\\u1E72\\u0172\\u1E76\\u1E74\\u0244]","V":"[\\u0056\\u24CB\\uFF36\\u1E7C\\u1E7E\\u01B2\\uA75E\\u0245]","VY":"[\\uA760]","W":"[\\u0057\\u24CC\\uFF37\\u1E80\\u1E82\\u0174\\u1E86\\u1E84\\u1E88\\u2C72]","X":"[\\u0058\\u24CD\\uFF38\\u1E8A\\u1E8C]","Y":"[\\u0059\\u24CE\\uFF39\\u1EF2\\u00DD\\u0176\\u1EF8\\u0232\\u1E8E\\u0178\\u1EF6\\u1EF4\\u01B3\\u024E\\u1EFE]","Z":"[\\u005A\\u24CF\\uFF3A\\u0179\\u1E90\\u017B\\u017D\\u1E92\\u1E94\\u01B5\\u0224\\u2C7F\\u2C6B\\uA762]","a":"[\\u0061\\u24D0\\uFF41\\u1E9A\\u00E0\\u00E1\\u00E2\\u1EA7\\u1EA5\\u1EAB\\u1EA9\\u00E3\\u0101\\u0103\\u1EB1\\u1EAF\\u1EB5\\u1EB3\\u0227\\u01E1\\u00E4\\u01DF\\u1EA3\\u00E5\\u01FB\\u01CE\\u0201\\u0203\\u1EA1\\u1EAD\\u1EB7\\u1E01\\u0105\\u2C65\\u0250]","aa":"[\\uA733]","ae":"[\\u00E6\\u01FD\\u01E3]","ao":"[\\uA735]","au":"[\\uA737]","av":"[\\uA739\\uA73B]","ay":"[\\uA73D]","b":"[\\u0062\\u24D1\\uFF42\\u1E03\\u1E05\\u1E07\\u0180\\u0183\\u0253]","c":"[\\u0063\\u24D2\\uFF43\\u0107\\u0109\\u010B\\u010D\\u00E7\\u1E09\\u0188\\u023C\\uA73F\\u2184]","d":"[\\u0064\\u24D3\\uFF44\\u1E0B\\u010F\\u1E0D\\u1E11\\u1E13\\u1E0F\\u0111\\u018C\\u0256\\u0257\\uA77A]","dz":"[\\u01F3\\u01C6]","e":"[\\u0065\\u24D4\\uFF45\\u00E8\\u00E9\\u00EA\\u1EC1\\u1EBF\\u1EC5\\u1EC3\\u1EBD\\u0113\\u1E15\\u1E17\\u0115\\u0117\\u00EB\\u1EBB\\u011B\\u0205\\u0207\\u1EB9\\u1EC7\\u0229\\u1E1D\\u0119\\u1E19\\u1E1B\\u0247\\u025B\\u01DD]","f":"[\\u0066\\u24D5\\uFF46\\u1E1F\\u0192\\uA77C]","g":"[\\u0067\\u24D6\\uFF47\\u01F5\\u011D\\u1E21\\u011F\\u0121\\u01E7\\u0123\\u01E5\\u0260\\uA7A1\\u1D79\\uA77F]","h":"[\\u0068\\u24D7\\uFF48\\u0125\\u1E23\\u1E27\\u021F\\u1E25\\u1E29\\u1E2B\\u1E96\\u0127\\u2C68\\u2C76\\u0265]","hv":"[\\u0195]","i":"[\\u0069\\u24D8\\uFF49\\u00EC\\u00ED\\u00EE\\u0129\\u012B\\u012D\\u00EF\\u1E2F\\u1EC9\\u01D0\\u0209\\u020B\\u1ECB\\u012F\\u1E2D\\u0268\\u0131]","j":"[\\u006A\\u24D9\\uFF4A\\u0135\\u01F0\\u0249]","k":"[\\u006B\\u24DA\\uFF4B\\u1E31\\u01E9\\u1E33\\u0137\\u1E35\\u0199\\u2C6A\\uA741\\uA743\\uA745\\uA7A3]","l":"[\\u006C\\u24DB\\uFF4C\\u0140\\u013A\\u013E\\u1E37\\u1E39\\u013C\\u1E3D\\u1E3B\\u017F\\u0142\\u019A\\u026B\\u2C61\\uA749\\uA781\\uA747]","lj":"[\\u01C9]","m":"[\\u006D\\u24DC\\uFF4D\\u1E3F\\u1E41\\u1E43\\u0271\\u026F]","n":"[\\u006E\\u24DD\\uFF4E\\u01F9\\u0144\\u00F1\\u1E45\\u0148\\u1E47\\u0146\\u1E4B\\u1E49\\u019E\\u0272\\u0149\\uA791\\uA7A5]","nj":"[\\u01CC]","o":"[\\u006F\\u24DE\\uFF4F\\u00F2\\u00F3\\u00F4\\u1ED3\\u1ED1\\u1ED7\\u1ED5\\u00F5\\u1E4D\\u022D\\u1E4F\\u014D\\u1E51\\u1E53\\u014F\\u022F\\u0231\\u00F6\\u022B\\u1ECF\\u0151\\u01D2\\u020D\\u020F\\u01A1\\u1EDD\\u1EDB\\u1EE1\\u1EDF\\u1EE3\\u1ECD\\u1ED9\\u01EB\\u01ED\\u00F8\\u01FF\\u0254\\uA74B\\uA74D\\u0275]","oi":"[\\u01A3]","ou":"[\\u0223]","oo":"[\\uA74F]","p":"[\\u0070\\u24DF\\uFF50\\u1E55\\u1E57\\u01A5\\u1D7D\\uA751\\uA753\\uA755]","q":"[\\u0071\\u24E0\\uFF51\\u024B\\uA757\\uA759]","r":"[\\u0072\\u24E1\\uFF52\\u0155\\u1E59\\u0159\\u0211\\u0213\\u1E5B\\u1E5D\\u0157\\u1E5F\\u024D\\u027D\\uA75B\\uA7A7\\uA783]","s":"[\\u0073\\u24E2\\uFF53\\u015B\\u1E65\\u015D\\u1E61\\u0161\\u1E67\\u1E63\\u1E69\\u0219\\u015F\\u023F\\uA7A9\\uA785\\u1E9B]","ss":"[\\u00DF]","t":"[\\u0074\\u24E3\\uFF54\\u1E6B\\u1E97\\u0165\\u1E6D\\u021B\\u0163\\u1E71\\u1E6F\\u0167\\u01AD\\u0288\\u2C66\\uA787]","tz":"[\\uA729]","u":"[\\u0075\\u24E4\\uFF55\\u00F9\\u00FA\\u00FB\\u0169\\u1E79\\u016B\\u1E7B\\u016D\\u00FC\\u01DC\\u01D8\\u01D6\\u01DA\\u1EE7\\u016F\\u0171\\u01D4\\u0215\\u0217\\u01B0\\u1EEB\\u1EE9\\u1EEF\\u1EED\\u1EF1\\u1EE5\\u1E73\\u0173\\u1E77\\u1E75\\u0289]","v":"[\\u0076\\u24E5\\uFF56\\u1E7D\\u1E7F\\u028B\\uA75F\\u028C]","vy":"[\\uA761]","w":"[\\u0077\\u24E6\\uFF57\\u1E81\\u1E83\\u0175\\u1E87\\u1E85\\u1E98\\u1E89\\u2C73]","x":"[\\u0078\\u24E7\\uFF58\\u1E8B\\u1E8D]","y":"[\\u0079\\u24E8\\uFF59\\u1EF3\\u00FD\\u0177\\u1EF9\\u0233\\u1E8F\\u00FF\\u1EF7\\u1E99\\u1EF5\\u01B4\\u024F\\u1EFF]","z":"[\\u007A\\u24E9\\uFF5A\\u017A\\u1E91\\u017C\\u017E\\u1E93\\u1E95\\u01B6\\u0225\\u0240\\u2C6C\\uA763]"},"researchesTests":["contentHasTOC","contentHasShortParagraphs","contentHasAssets","keywordInTitle","keywordInMetaDescription","keywordInPermalink","keywordIn10Percent","keywordInContent","keywordInSubheadings","keywordInImageAlt","keywordDensity","keywordNotUsed","lengthContent","lengthPermalink","linksHasInternal","linksHasExternals","linksNotAllExternals","titleStartWithKeyword","titleSentiment","titleHasPowerWords","titleHasNumber","hasContentAI"],"hasRedirection":false,"hasBreadcrumb":false},"homeUrl":"https:\/\/usepayback.com\/sq","objectID":415,"objectType":"post","locale":"sq","localeFull":"sq","overlayImages":{"play":{"name":"Play icon","url":"https:\/\/usepayback.com\/wp-content\/plugins\/seo-by-rank-math\/assets\/admin\/img\/icon-play.png","path":"\/home\/payback\/public_html\/wp-content\/plugins\/seo-by-rank-math\/assets\/admin\/img\/icon-play.png","position":"middle_center"},"gif":{"name":"GIF icon","url":"https:\/\/usepayback.com\/wp-content\/plugins\/seo-by-rank-math\/assets\/admin\/img\/icon-gif.png","path":"\/home\/payback\/public_html\/wp-content\/plugins\/seo-by-rank-math\/assets\/admin\/img\/icon-gif.png","position":"middle_center"}},"defautOgImage":"https:\/\/usepayback.com\/wp-content\/uploads\/2024\/11\/Logo.svg","customPermalinks":true,"isUserRegistered":false,"autoSuggestKeywords":false,"connectSiteUrl":"https:\/\/rankmath.com\/auth?site=https%3A%2F%2Fusepayback.com%2Fsq&r=https%3A%2F%2Fusepayback.com%2Fsq%2Fwp-json%2Fwp%2Fv2%2Fpages%2F415%3Fnonce%3D195e6431a3","maxTags":5,"trendsIcon":"<svg viewBox=\"0 0 610 610\"><path d=\"M18.85,446,174.32,290.48l58.08,58.08L76.93,504a14.54,14.54,0,0,1-20.55,0L18.83,466.48a14.54,14.54,0,0,1,0-20.55Z\" style=\"fill:#4285f4\"\/><path d=\"M242.65,242.66,377.59,377.6l-47.75,47.75a14.54,14.54,0,0,1-20.55,0L174.37,290.43l47.75-47.75A14.52,14.52,0,0,1,242.65,242.66Z\" style=\"fill:#ea4335\"\/><polygon points=\"319.53 319.53 479.26 159.8 537.34 217.88 377.61 377.62 319.53 319.53\" style=\"fill:#fabb05\"\/><path d=\"M594.26,262.73V118.61h0a16.94,16.94,0,0,0-16.94-16.94H433.2a16.94,16.94,0,0,0-12,28.92L565.34,274.71h0a16.94,16.94,0,0,0,28.92-12Z\" style=\"fill:#34a853\"\/><rect width=\"610\" height=\"610\" style=\"fill:none\"\/><\/svg>","showScore":true,"siteFavIcon":"https:\/\/usepayback.com\/wp-content\/uploads\/2024\/12\/Favicon.svg","canUser":{"general":false,"advanced":false,"snippet":false,"social":false,"analysis":false,"analytics":false,"content_ai":false},"isPro":false,"is_front_page":false,"trendsUpgradeLink":"https:\/\/rankmath.com\/pricing\/?utm_source=Plugin&utm_medium=CE%20General%20Tab%20Trends&utm_campaign=WP","trendsUpgradeLabel":"Upgrade","trendsPreviewImage":"https:\/\/usepayback.com\/wp-content\/plugins\/seo-by-rank-math\/assets\/admin\/img\/trends-preview.jpg","currentEditor":false,"homepageData":{"assessor":{"powerWords":[],"diacritics":true,"researchesTests":["contentHasTOC","contentHasShortParagraphs","contentHasAssets","keywordInTitle","keywordInMetaDescription","keywordInPermalink","keywordIn10Percent","keywordInContent","keywordInSubheadings","keywordInImageAlt","keywordDensity","keywordNotUsed","lengthContent","lengthPermalink","linksHasInternal","linksHasExternals","linksNotAllExternals","titleStartWithKeyword","titleSentiment","titleHasPowerWords","titleHasNumber","hasContentAI"],"hasBreadcrumb":false,"serpData":{"title":"%sitename% %page% %sep% %sitedesc%","description":"","titleTemplate":"%sitename% %page% %sep% %sitedesc%","descriptionTemplate":"","focusKeywords":"","breadcrumbTitle":"Home","robots":{"index":true},"advancedRobots":{"max-snippet":"-1","max-video-preview":"-1","max-image-preview":"large"},"facebookTitle":"","facebookDescription":"","facebookImage":"","facebookImageID":""}}},"tocTitle":"Table of Contents","tocExcludeHeadings":[],"listStyle":"ul"},"_links":{"self":[{"href":"https:\/\/usepayback.com\/sq\/wp-json\/wp\/v2\/pages\/415","targetHints":{"allow":["GET"]}}],"collection":[{"href":"https:\/\/usepayback.com\/sq\/wp-json\/wp\/v2\/pages"}],"about":[{"href":"https:\/\/usepayback.com\/sq\/wp-json\/wp\/v2\/types\/page"}],"author":[{"embeddable":true,"href":"https:\/\/usepayback.com\/sq\/wp-json\/wp\/v2\/users\/1"}],"replies":[{"embeddable":true,"href":"https:\/\/usepayback.com\/sq\/wp-json\/wp\/v2\/comments?post=415"}],"version-history":[{"count":0,"href":"https:\/\/usepayback.com\/sq\/wp-json\/wp\/v2\/pages\/415\/revisions"}],"wp:attachment":[{"href":"https:\/\/usepayback.com\/sq\/wp-json\/wp\/v2\/media?parent=415"}],"curies":[{"name":"wp","href":"https:\/\/api.w.org\/{rel}","templated":true}]}}